{"id":70,"date":"2011-12-02T20:58:53","date_gmt":"2011-12-02T23:58:53","guid":{"rendered":"http:\/\/medecicco.com.ar\/?page_id=70"},"modified":"2015-08-20T12:33:29","modified_gmt":"2015-08-20T15:33:29","slug":"inicio-2","status":"publish","type":"page","link":"http:\/\/medecicco.com.ar\/","title":{"rendered":"Inicio"},"content":{"rendered":"<div class=\"wrapper  \" style=\"\" >\n\t\t\t\t<div class=\"row \"><div class=\"col-xs-12 col-sm-12 col-md-12 col-lg-12\">    <article itemscope itemtype=\"http:\/\/schema.org\/BlogPosting\" class=\"entry format_standard blog_medium medium_left_image post_filter_item filter-general filter-informes filter-notas  clearfix\">\n        <div class=\"entry_media\">    <div class=\"entry_hover animate_icon\"><div class=\"entry_image_link\"><a href=\"http:\/\/medecicco.com.ar\/wp-content\/uploads\/ZCERO-05.jpg\" rel=\"prettyPhoto\" title=\"\"><i class=\"icon-picture\"><\/i><\/a><\/div>    <\/div>    <img decoding=\"async\" itemprop=\"image\" src=\"http:\/\/medecicco.com.ar\/wp-content\/uploads\/ZCERO-05-219x150.jpg\" alt=\"Post Image\"\/>\n                <\/div><!-- end .entry_media -->        <div class=\"entry_title\">\n            <h2 itemprop=\"headline\"><a itemprop=\"url\" href=\"http:\/\/medecicco.com.ar\/?p=682\">S\u00edntesis de tecnolog\u00eda, dise\u00f1o y oficio<\/a><\/h2>\n        <\/div>\n        <div class=\"entry_meta\">\n            <ul>\n                <li itemprop=\"dateCreated\" class=\"meta_date\">Posted: Abr 5, 2026<\/li>\n                <li itemprop=\"comment\" class=\"meta_comment\">Comments: <a href='http:\/\/medecicco.com.ar\/?p=682#respond' title='No comment' class='comment-count'>No comment<\/a><\/li>\n                <li class=\"meta_author\">BY <a href=\"http:\/\/medecicco.com.ar\/?author=2\" title=\"Entradas de Maru\" rel=\"author\">Maru<\/a><\/li>\n                <li itemprop=\"keywords\" class=\"entry_category\">IN <a href=\"http:\/\/medecicco.com.ar\/?cat=1\" rel=\"category\">General<\/a>, <a href=\"http:\/\/medecicco.com.ar\/?cat=5\" rel=\"category\">Informes<\/a>, <a href=\"http:\/\/medecicco.com.ar\/?cat=10\" rel=\"category\">Notas<\/a><\/li>\n                <li class=\"meta_like\"><a href=\"javascript:;\" pid=\"682\" class=\"\"><i class=\"icon-heart\"><\/i> <span>12<\/span><\/a><\/li>\n            <\/ul>\n        <\/div>\n                <div class=\"entry_content\">\n            <p>Desde hace un a\u00f1o y medio, Pablo Dormisch y Gabriela Geron desarrollan en Bariloche marcos de anteojos en distintas maderas. En este emprendimiento, confluye la formaci\u00f3n t\u00e9cnica y experiencia en dise\u00f1o de ambos en la b\u00fasqueda por crear objetos y m\u00e9todos innovadores, con alto valor agregado. Seguir leyendo<\/p>\n            <p><a href=\"http:\/\/medecicco.com.ar\/?p=682\" class=\"entry_more blox_elem_button blox_elem_button_medium blox_elem_color_background blox_elem_button_default\"><i class=\"icon-arrow-right\"><\/i>Leer m\u00e1s<\/a><\/p>\n        <\/div>\n        <\/article>\n        <article itemscope itemtype=\"http:\/\/schema.org\/BlogPosting\" class=\"entry format_standard blog_medium medium_left_image post_filter_item filter-general filter-notas  clearfix\">\n        <div class=\"entry_media\">    <div class=\"entry_hover animate_icon\"><div class=\"entry_image_link\"><a href=\"http:\/\/medecicco.com.ar\/wp-content\/uploads\/COFRADIA-02.jpg\" rel=\"prettyPhoto\" title=\"\"><i class=\"icon-picture\"><\/i><\/a><\/div>    <\/div>    <img decoding=\"async\" itemprop=\"image\" src=\"http:\/\/medecicco.com.ar\/wp-content\/uploads\/COFRADIA-02-219x150.jpg\" alt=\"Post Image\"\/>\n                <\/div><!-- end .entry_media -->        <div class=\"entry_title\">\n            <h2 itemprop=\"headline\"><a itemprop=\"url\" href=\"http:\/\/medecicco.com.ar\/?p=679\">Ense\u00f1ar y vivir la m\u00fasica<\/a><\/h2>\n        <\/div>\n        <div class=\"entry_meta\">\n            <ul>\n                <li itemprop=\"dateCreated\" class=\"meta_date\">Posted: Abr 5, 2026<\/li>\n                <li itemprop=\"comment\" class=\"meta_comment\">Comments: <a href='http:\/\/medecicco.com.ar\/?p=679#respond' title='No comment' class='comment-count'>No comment<\/a><\/li>\n                <li class=\"meta_author\">BY <a href=\"http:\/\/medecicco.com.ar\/?author=2\" title=\"Entradas de Maru\" rel=\"author\">Maru<\/a><\/li>\n                <li itemprop=\"keywords\" class=\"entry_category\">IN <a href=\"http:\/\/medecicco.com.ar\/?cat=1\" rel=\"category\">General<\/a>, <a href=\"http:\/\/medecicco.com.ar\/?cat=10\" rel=\"category\">Notas<\/a><\/li>\n                <li class=\"meta_like\"><a href=\"javascript:;\" pid=\"679\" class=\"\"><i class=\"icon-heart\"><\/i> <span>0<\/span><\/a><\/li>\n            <\/ul>\n        <\/div>\n                <div class=\"entry_content\">\n            <p>En 1995 los m\u00fasicos y docentes Kyoko Kurokawa y Diego D\u00edaz crearon la Fundaci\u00f3n Cofrad\u00eda con el fin de difundir y promover la ense\u00f1anza de la m\u00fasica cl\u00e1sica en Bariloche. Desde entonces, decenas de ni\u00f1os y j\u00f3venes se han formado con ellos en viol\u00edn, viola, violoncello y contrabajo. Seguir leyendo<\/p>\n            <p><a href=\"http:\/\/medecicco.com.ar\/?p=679\" class=\"entry_more blox_elem_button blox_elem_button_medium blox_elem_color_background blox_elem_button_default\"><i class=\"icon-arrow-right\"><\/i>Leer m\u00e1s<\/a><\/p>\n        <\/div>\n        <\/article>\n        <article itemscope itemtype=\"http:\/\/schema.org\/BlogPosting\" class=\"entry format_standard blog_medium medium_left_image post_filter_item filter-gastronomia filter-informes filter-notas  clearfix\">\n        <div class=\"entry_media\">    <div class=\"entry_hover animate_icon\"><div class=\"entry_image_link\"><a href=\"http:\/\/medecicco.com.ar\/wp-content\/uploads\/CHIARA-09.jpg\" rel=\"prettyPhoto\" title=\"\"><i class=\"icon-picture\"><\/i><\/a><\/div>    <\/div>    <img decoding=\"async\" itemprop=\"image\" src=\"http:\/\/medecicco.com.ar\/wp-content\/uploads\/CHIARA-09-219x150.jpg\" alt=\"Post Image\"\/>\n                <\/div><!-- end .entry_media -->        <div class=\"entry_title\">\n            <h2 itemprop=\"headline\"><a itemprop=\"url\" href=\"http:\/\/medecicco.com.ar\/?p=676\">Los tesoros ocultos del fin del mundo<\/a><\/h2>\n        <\/div>\n        <div class=\"entry_meta\">\n            <ul>\n                <li itemprop=\"dateCreated\" class=\"meta_date\">Posted: Abr 5, 2026<\/li>\n                <li itemprop=\"comment\" class=\"meta_comment\">Comments: <a href='http:\/\/medecicco.com.ar\/?p=676#respond' title='No comment' class='comment-count'>No comment<\/a><\/li>\n                <li class=\"meta_author\">BY <a href=\"http:\/\/medecicco.com.ar\/?author=2\" title=\"Entradas de Maru\" rel=\"author\">Maru<\/a><\/li>\n                <li itemprop=\"keywords\" class=\"entry_category\">IN <a href=\"http:\/\/medecicco.com.ar\/?cat=7\" rel=\"category\">Gastronom\u00eda<\/a>, <a href=\"http:\/\/medecicco.com.ar\/?cat=5\" rel=\"category\">Informes<\/a>, <a href=\"http:\/\/medecicco.com.ar\/?cat=10\" rel=\"category\">Notas<\/a><\/li>\n                <li class=\"meta_like\"><a href=\"javascript:;\" pid=\"676\" class=\"\"><i class=\"icon-heart\"><\/i> <span>0<\/span><\/a><\/li>\n            <\/ul>\n        <\/div>\n                <div class=\"entry_content\">\n            <p>Desde Ushuaia, el cocinero Facundo Chiara trabaja en pos de difundir la diversidad de productos fueguinos no convencionales con alto valor gastron\u00f3mico.<\/p>\n            <p><a href=\"http:\/\/medecicco.com.ar\/?p=676\" class=\"entry_more blox_elem_button blox_elem_button_medium blox_elem_color_background blox_elem_button_default\"><i class=\"icon-arrow-right\"><\/i>Leer m\u00e1s<\/a><\/p>\n        <\/div>\n        <\/article>\n        <article itemscope itemtype=\"http:\/\/schema.org\/BlogPosting\" class=\"entry format_standard blog_medium medium_left_image post_filter_item filter-general filter-informes filter-notas  clearfix\">\n        <div class=\"entry_media\">    <div class=\"entry_hover animate_icon\"><div class=\"entry_image_link\"><a href=\"http:\/\/medecicco.com.ar\/wp-content\/uploads\/POLO-SUR-01.jpg\" rel=\"prettyPhoto\" title=\"\"><i class=\"icon-picture\"><\/i><\/a><\/div>    <\/div>    <img decoding=\"async\" itemprop=\"image\" src=\"http:\/\/medecicco.com.ar\/wp-content\/uploads\/POLO-SUR-01-219x150.jpg\" alt=\"Post Image\"\/>\n                <\/div><!-- end .entry_media -->        <div class=\"entry_title\">\n            <h2 itemprop=\"headline\"><a itemprop=\"url\" href=\"http:\/\/medecicco.com.ar\/?p=673\">Club de Polo Sur, un sue\u00f1o que crece<\/a><\/h2>\n        <\/div>\n        <div class=\"entry_meta\">\n            <ul>\n                <li itemprop=\"dateCreated\" class=\"meta_date\">Posted: Abr 5, 2026<\/li>\n                <li itemprop=\"comment\" class=\"meta_comment\">Comments: <a href='http:\/\/medecicco.com.ar\/?p=673#respond' title='No comment' class='comment-count'>No comment<\/a><\/li>\n                <li class=\"meta_author\">BY <a href=\"http:\/\/medecicco.com.ar\/?author=2\" title=\"Entradas de Maru\" rel=\"author\">Maru<\/a><\/li>\n                <li itemprop=\"keywords\" class=\"entry_category\">IN <a href=\"http:\/\/medecicco.com.ar\/?cat=1\" rel=\"category\">General<\/a>, <a href=\"http:\/\/medecicco.com.ar\/?cat=5\" rel=\"category\">Informes<\/a>, <a href=\"http:\/\/medecicco.com.ar\/?cat=10\" rel=\"category\">Notas<\/a><\/li>\n                <li class=\"meta_like\"><a href=\"javascript:;\" pid=\"673\" class=\"\"><i class=\"icon-heart\"><\/i> <span>0<\/span><\/a><\/li>\n            <\/ul>\n        <\/div>\n                <div class=\"entry_content\">\n            <p>Polo, equitaci\u00f3n, hipoterapia y coaching son las propuestas de este proyecto ubicado en Chile que armoniza deporte, naturaleza y bienestar a trav\u00e9s del v\u00ednculo con los caballos.\u00a0<\/p>\n            <p><a href=\"http:\/\/medecicco.com.ar\/?p=673\" class=\"entry_more blox_elem_button blox_elem_button_medium blox_elem_color_background blox_elem_button_default\"><i class=\"icon-arrow-right\"><\/i>Leer m\u00e1s<\/a><\/p>\n        <\/div>\n        <\/article>\n        <article itemscope itemtype=\"http:\/\/schema.org\/BlogPosting\" class=\"entry format_standard blog_medium medium_left_image post_filter_item filter-gastronomia filter-notas filter-personajes  clearfix\">\n        <div class=\"entry_media\">    <div class=\"entry_hover animate_icon\"><div class=\"entry_image_link\"><a href=\"http:\/\/medecicco.com.ar\/wp-content\/uploads\/MADRID-FUSION-01.jpg\" rel=\"prettyPhoto\" title=\"\"><i class=\"icon-picture\"><\/i><\/a><\/div>    <\/div>    <img decoding=\"async\" itemprop=\"image\" src=\"http:\/\/medecicco.com.ar\/wp-content\/uploads\/MADRID-FUSION-01-219x150.jpg\" alt=\"Post Image\"\/>\n                <\/div><!-- end .entry_media -->        <div class=\"entry_title\">\n            <h2 itemprop=\"headline\"><a itemprop=\"url\" href=\"http:\/\/medecicco.com.ar\/?p=670\">Sabores patag\u00f3nicos en Madrid Fusi\u00f3n<\/a><\/h2>\n        <\/div>\n        <div class=\"entry_meta\">\n            <ul>\n                <li itemprop=\"dateCreated\" class=\"meta_date\">Posted: Abr 5, 2026<\/li>\n                <li itemprop=\"comment\" class=\"meta_comment\">Comments: <a href='http:\/\/medecicco.com.ar\/?p=670#respond' title='No comment' class='comment-count'>No comment<\/a><\/li>\n                <li class=\"meta_author\">BY <a href=\"http:\/\/medecicco.com.ar\/?author=2\" title=\"Entradas de Maru\" rel=\"author\">Maru<\/a><\/li>\n                <li itemprop=\"keywords\" class=\"entry_category\">IN <a href=\"http:\/\/medecicco.com.ar\/?cat=7\" rel=\"category\">Gastronom\u00eda<\/a>, <a href=\"http:\/\/medecicco.com.ar\/?cat=10\" rel=\"category\">Notas<\/a>, <a href=\"http:\/\/medecicco.com.ar\/?cat=6\" rel=\"category\">Personajes<\/a><\/li>\n                <li class=\"meta_like\"><a href=\"javascript:;\" pid=\"670\" class=\"\"><i class=\"icon-heart\"><\/i> <span>0<\/span><\/a><\/li>\n            <\/ul>\n        <\/div>\n                <div class=\"entry_content\">\n            <p>Mariana M\u00fcller, chef del restaurant Cassis de Bariloche, integr\u00f3 la delegaci\u00f3n argentina que particip\u00f3 en la \u00faltima edici\u00f3n de Madrid Fusi\u00f3n, la feria gastron\u00f3mica m\u00e1s importante de Iberoam\u00e9rica. All\u00ed present\u00f3 una clase de cocina inspirada en sus vinagres y los productos del sur argentino.\u00a0<\/p>\n            <p><a href=\"http:\/\/medecicco.com.ar\/?p=670\" class=\"entry_more blox_elem_button blox_elem_button_medium blox_elem_color_background blox_elem_button_default\"><i class=\"icon-arrow-right\"><\/i>Leer m\u00e1s<\/a><\/p>\n        <\/div>\n        <\/article>\n        <article itemscope itemtype=\"http:\/\/schema.org\/BlogPosting\" class=\"entry format_standard blog_medium medium_left_image post_filter_item filter-gastronomia filter-notas  clearfix\">\n        <div class=\"entry_media\">    <div class=\"entry_hover animate_icon\"><div class=\"entry_image_link\"><a href=\"http:\/\/medecicco.com.ar\/wp-content\/uploads\/SPAISUCRE-02.jpg\" rel=\"prettyPhoto\" title=\"\"><i class=\"icon-picture\"><\/i><\/a><\/div>    <\/div>    <img decoding=\"async\" itemprop=\"image\" src=\"http:\/\/medecicco.com.ar\/wp-content\/uploads\/SPAISUCRE-02-219x150.jpg\" alt=\"Post Image\"\/>\n                <\/div><!-- end .entry_media -->        <div class=\"entry_title\">\n            <h2 itemprop=\"headline\"><a itemprop=\"url\" href=\"http:\/\/medecicco.com.ar\/?p=667\">EspaiSucre, sabores inesperados<\/a><\/h2>\n        <\/div>\n        <div class=\"entry_meta\">\n            <ul>\n                <li itemprop=\"dateCreated\" class=\"meta_date\">Posted: Abr 5, 2026<\/li>\n                <li itemprop=\"comment\" class=\"meta_comment\">Comments: <a href='http:\/\/medecicco.com.ar\/?p=667#respond' title='No comment' class='comment-count'>No comment<\/a><\/li>\n                <li class=\"meta_author\">BY <a href=\"http:\/\/medecicco.com.ar\/?author=2\" title=\"Entradas de Maru\" rel=\"author\">Maru<\/a><\/li>\n                <li itemprop=\"keywords\" class=\"entry_category\">IN <a href=\"http:\/\/medecicco.com.ar\/?cat=7\" rel=\"category\">Gastronom\u00eda<\/a>, <a href=\"http:\/\/medecicco.com.ar\/?cat=10\" rel=\"category\">Notas<\/a><\/li>\n                <li class=\"meta_like\"><a href=\"javascript:;\" pid=\"667\" class=\"\"><i class=\"icon-heart\"><\/i> <span>0<\/span><\/a><\/li>\n            <\/ul>\n        <\/div>\n                <div class=\"entry_content\">\n            <p>En este restaurant de postres, las fronteras entre lo dulce y lo salado se desdibujan e invitan al comensal a vivir una experiencia diferente. Un concepto innovador y desafiante con acento catal\u00e1n.\u00a0Seguir leyendo.\u00a0<\/p>\n            <p><a href=\"http:\/\/medecicco.com.ar\/?p=667\" class=\"entry_more blox_elem_button blox_elem_button_medium blox_elem_color_background blox_elem_button_default\"><i class=\"icon-arrow-right\"><\/i>Leer m\u00e1s<\/a><\/p>\n        <\/div>\n        <\/article>\n        <article itemscope itemtype=\"http:\/\/schema.org\/BlogPosting\" class=\"entry format_standard blog_medium medium_left_image post_filter_item filter-gastronomia filter-general filter-notas  clearfix\">\n        <div class=\"entry_media\">    <div class=\"entry_hover animate_icon\"><div class=\"entry_image_link\"><a href=\"http:\/\/medecicco.com.ar\/wp-content\/uploads\/PATAGONIA-09.jpg\" rel=\"prettyPhoto\" title=\"\"><i class=\"icon-picture\"><\/i><\/a><\/div>    <\/div>    <img decoding=\"async\" itemprop=\"image\" src=\"http:\/\/medecicco.com.ar\/wp-content\/uploads\/PATAGONIA-09-219x150.jpg\" alt=\"Post Image\"\/>\n                <\/div><!-- end .entry_media -->        <div class=\"entry_title\">\n            <h2 itemprop=\"headline\"><a itemprop=\"url\" href=\"http:\/\/medecicco.com.ar\/?p=655\">Donde maridan la cerveza y el paisaje<\/a><\/h2>\n        <\/div>\n        <div class=\"entry_meta\">\n            <ul>\n                <li itemprop=\"dateCreated\" class=\"meta_date\">Posted: Abr 5, 2026<\/li>\n                <li itemprop=\"comment\" class=\"meta_comment\">Comments: <a href='http:\/\/medecicco.com.ar\/?p=655#respond' title='No comment' class='comment-count'>No comment<\/a><\/li>\n                <li class=\"meta_author\">BY <a href=\"http:\/\/medecicco.com.ar\/?author=2\" title=\"Entradas de Maru\" rel=\"author\">Maru<\/a><\/li>\n                <li itemprop=\"keywords\" class=\"entry_category\">IN <a href=\"http:\/\/medecicco.com.ar\/?cat=7\" rel=\"category\">Gastronom\u00eda<\/a>, <a href=\"http:\/\/medecicco.com.ar\/?cat=1\" rel=\"category\">General<\/a>, <a href=\"http:\/\/medecicco.com.ar\/?cat=10\" rel=\"category\">Notas<\/a><\/li>\n                <li class=\"meta_like\"><a href=\"javascript:;\" pid=\"655\" class=\"\"><i class=\"icon-heart\"><\/i> <span>0<\/span><\/a><\/li>\n            <\/ul>\n        <\/div>\n                <div class=\"entry_content\">\n            <p>Cerveza Patagonia inaugur\u00f3 recientemente su micro cervecer\u00eda y brew pub en el coraz\u00f3n de Circuito Chico, Bariloche. Con una propuesta diferente busca atraer a los amantes de la birra con productos innovadores y buena gastronom\u00eda en un entorno natural \u00fanico.<\/p>\n            <p><a href=\"http:\/\/medecicco.com.ar\/?p=655\" class=\"entry_more blox_elem_button blox_elem_button_medium blox_elem_color_background blox_elem_button_default\"><i class=\"icon-arrow-right\"><\/i>Leer m\u00e1s<\/a><\/p>\n        <\/div>\n        <\/article>\n        <article itemscope itemtype=\"http:\/\/schema.org\/BlogPosting\" class=\"entry format_standard blog_medium medium_left_image post_filter_item filter-entrevistas filter-gastronomia filter-notas filter-personajes  clearfix\">\n        <div class=\"entry_media\">    <div class=\"entry_hover animate_icon\"><div class=\"entry_image_link\"><a href=\"http:\/\/medecicco.com.ar\/wp-content\/uploads\/COULY-06.jpg\" rel=\"prettyPhoto\" title=\"\"><i class=\"icon-picture\"><\/i><\/a><\/div>    <\/div>    <img decoding=\"async\" itemprop=\"image\" src=\"http:\/\/medecicco.com.ar\/wp-content\/uploads\/COULY-06-219x150.jpg\" alt=\"Post Image\"\/>\n                <\/div><!-- end .entry_media -->        <div class=\"entry_title\">\n            <h2 itemprop=\"headline\"><a itemprop=\"url\" href=\"http:\/\/medecicco.com.ar\/?p=649\">Hacedor de quesos artesanos<\/a><\/h2>\n        <\/div>\n        <div class=\"entry_meta\">\n            <ul>\n                <li itemprop=\"dateCreated\" class=\"meta_date\">Posted: Abr 5, 2026<\/li>\n                <li itemprop=\"comment\" class=\"meta_comment\">Comments: <a href='http:\/\/medecicco.com.ar\/?p=649#respond' title='No comment' class='comment-count'>No comment<\/a><\/li>\n                <li class=\"meta_author\">BY <a href=\"http:\/\/medecicco.com.ar\/?author=2\" title=\"Entradas de Maru\" rel=\"author\">Maru<\/a><\/li>\n                <li itemprop=\"keywords\" class=\"entry_category\">IN <a href=\"http:\/\/medecicco.com.ar\/?cat=4\" rel=\"category\">Entrevistas<\/a>, <a href=\"http:\/\/medecicco.com.ar\/?cat=7\" rel=\"category\">Gastronom\u00eda<\/a>, <a href=\"http:\/\/medecicco.com.ar\/?cat=10\" rel=\"category\">Notas<\/a>, <a href=\"http:\/\/medecicco.com.ar\/?cat=6\" rel=\"category\">Personajes<\/a><\/li>\n                <li class=\"meta_like\"><a href=\"javascript:;\" pid=\"649\" class=\"\"><i class=\"icon-heart\"><\/i> <span>1<\/span><\/a><\/li>\n            <\/ul>\n        <\/div>\n                <div class=\"entry_content\">\n            <p>Los quesos artesanales elaborados por el chef Mauricio Couly est\u00e1n en alza. Variedad, calidad y creatividad parecieran ser las razones que llevan a sus productos a ser cada vez m\u00e1s solicitados por sus colegas -Fernando Trocca, Germ\u00e1n Martitegui, Narda Lepes- y los clientes de su restaurant La Toscana, en Neuqu\u00e9n capital.<\/p>\n            <p><a href=\"http:\/\/medecicco.com.ar\/?p=649\" class=\"entry_more blox_elem_button blox_elem_button_medium blox_elem_color_background blox_elem_button_default\"><i class=\"icon-arrow-right\"><\/i>Leer m\u00e1s<\/a><\/p>\n        <\/div>\n        <\/article>\n        <article itemscope itemtype=\"http:\/\/schema.org\/BlogPosting\" class=\"entry format_standard blog_medium medium_left_image post_filter_item filter-gastronomia filter-general filter-notas  clearfix\">\n        <div class=\"entry_media\">    <div class=\"entry_hover animate_icon\"><div class=\"entry_image_link\"><a href=\"http:\/\/medecicco.com.ar\/wp-content\/uploads\/CASSIS-01.jpg\" rel=\"prettyPhoto\" title=\"\"><i class=\"icon-picture\"><\/i><\/a><\/div>    <\/div>    <img decoding=\"async\" itemprop=\"image\" src=\"http:\/\/medecicco.com.ar\/wp-content\/uploads\/CASSIS-01-219x150.jpg\" alt=\"Post Image\"\/>\n                <\/div><!-- end .entry_media -->        <div class=\"entry_title\">\n            <h2 itemprop=\"headline\"><a itemprop=\"url\" href=\"http:\/\/medecicco.com.ar\/?p=645\">Cassis piensa en su men\u00fa de oto\u00f1o<\/a><\/h2>\n        <\/div>\n        <div class=\"entry_meta\">\n            <ul>\n                <li itemprop=\"dateCreated\" class=\"meta_date\">Posted: Abr 5, 2026<\/li>\n                <li itemprop=\"comment\" class=\"meta_comment\">Comments: <a href='http:\/\/medecicco.com.ar\/?p=645#respond' title='No comment' class='comment-count'>No comment<\/a><\/li>\n                <li class=\"meta_author\">BY <a href=\"http:\/\/medecicco.com.ar\/?author=2\" title=\"Entradas de Maru\" rel=\"author\">Maru<\/a><\/li>\n                <li itemprop=\"keywords\" class=\"entry_category\">IN <a href=\"http:\/\/medecicco.com.ar\/?cat=7\" rel=\"category\">Gastronom\u00eda<\/a>, <a href=\"http:\/\/medecicco.com.ar\/?cat=1\" rel=\"category\">General<\/a>, <a href=\"http:\/\/medecicco.com.ar\/?cat=10\" rel=\"category\">Notas<\/a><\/li>\n                <li class=\"meta_like\"><a href=\"javascript:;\" pid=\"645\" class=\"\"><i class=\"icon-heart\"><\/i> <span>2<\/span><\/a><\/li>\n            <\/ul>\n        <\/div>\n                <div class=\"entry_content\">\n            <p>Mariana M\u00fcller y Ernesto Wolf preparan la carta del restaurante para la pr\u00f3xima temporada en base a los productos de su huerta org\u00e1nica, su bodega de vinagres y los sabores m\u00e1s emblem\u00e1ticos de la Patagonia. \u201cEs indispensable entender que con los productos que hay en nuestra regi\u00f3n se pueden hacer cosas nuevas\u201d, afirman.<\/p>\n            <p><a href=\"http:\/\/medecicco.com.ar\/?p=645\" class=\"entry_more blox_elem_button blox_elem_button_medium blox_elem_color_background blox_elem_button_default\"><i class=\"icon-arrow-right\"><\/i>Leer m\u00e1s<\/a><\/p>\n        <\/div>\n        <\/article>\n        <article itemscope itemtype=\"http:\/\/schema.org\/BlogPosting\" class=\"entry format_standard blog_medium medium_left_image post_filter_item filter-general filter-notas  clearfix\">\n        <div class=\"entry_media\">    <div class=\"entry_hover animate_icon\"><div class=\"entry_image_link\"><a href=\"http:\/\/medecicco.com.ar\/wp-content\/uploads\/PARIS-02.jpg\" rel=\"prettyPhoto\" title=\"\"><i class=\"icon-picture\"><\/i><\/a><\/div>    <\/div>    <img decoding=\"async\" itemprop=\"image\" src=\"http:\/\/medecicco.com.ar\/wp-content\/uploads\/PARIS-02-219x150.jpg\" alt=\"Post Image\"\/>\n                <\/div><!-- end .entry_media -->        <div class=\"entry_title\">\n            <h2 itemprop=\"headline\"><a itemprop=\"url\" href=\"http:\/\/medecicco.com.ar\/?p=642\">Par\u00eds, la ciudad de los mil y un adjetivos<\/a><\/h2>\n        <\/div>\n        <div class=\"entry_meta\">\n            <ul>\n                <li itemprop=\"dateCreated\" class=\"meta_date\">Posted: Abr 5, 2026<\/li>\n                <li itemprop=\"comment\" class=\"meta_comment\">Comments: <a href='http:\/\/medecicco.com.ar\/?p=642#respond' title='No comment' class='comment-count'>No comment<\/a><\/li>\n                <li class=\"meta_author\">BY <a href=\"http:\/\/medecicco.com.ar\/?author=2\" title=\"Entradas de Maru\" rel=\"author\">Maru<\/a><\/li>\n                <li itemprop=\"keywords\" class=\"entry_category\">IN <a href=\"http:\/\/medecicco.com.ar\/?cat=1\" rel=\"category\">General<\/a>, <a href=\"http:\/\/medecicco.com.ar\/?cat=10\" rel=\"category\">Notas<\/a><\/li>\n                <li class=\"meta_like\"><a href=\"javascript:;\" pid=\"642\" class=\"\"><i class=\"icon-heart\"><\/i> <span>0<\/span><\/a><\/li>\n            <\/ul>\n        <\/div>\n                <div class=\"entry_content\">\n            <p>Bohemia, misteriosa, opulenta, m\u00edtica, eterna. Su magia no cabe en una sola palabra. De d\u00eda, de noche o en cualquier \u00e9poca del a\u00f1o, la \u201ccapital de las luces\u201d posee un encanto dif\u00edcil de resistir.<\/p>\n            <p><a href=\"http:\/\/medecicco.com.ar\/?p=642\" class=\"entry_more blox_elem_button blox_elem_button_medium blox_elem_color_background blox_elem_button_default\"><i class=\"icon-arrow-right\"><\/i>Leer m\u00e1s<\/a><\/p>\n        <\/div>\n        <\/article>\n    <div class='row'><div class='col-xs-12 col-sm-12 col-md-12 col-lg-12'><div class='tt-pager-pagination blog_pager clearfix'><ul>\n\t<li><span class='page-numbers current'>1<\/span><\/li>\n\t<li><a class='page-numbers' data-hover='2' href='http:\/\/medecicco.com.ar\/index.php?rest_route=%2Fwp%2Fv2%2Fpages%2F70&#038;paged=2'>2<\/a><\/li>\n\t<li><a class='page-numbers' data-hover='3' href='http:\/\/medecicco.com.ar\/index.php?rest_route=%2Fwp%2Fv2%2Fpages%2F70&#038;paged=3'>3<\/a><\/li>\n\t<li><a class='page-numbers' data-hover='4' href='http:\/\/medecicco.com.ar\/index.php?rest_route=%2Fwp%2Fv2%2Fpages%2F70&#038;paged=4'>4<\/a><\/li>\n<\/ul>\n<a class=\"next_page\" rel=\"next\" href=\"http:\/\/medecicco.com.ar\/index.php?rest_route=%2Fwp%2Fv2%2Fpages%2F70&#038;paged=2\"><i class=\"icon-arrow-right\"><\/i><\/a><\/div><\/div><!-- end pagination --><\/div><\/div><\/div>\n\t\t\t<\/div>\n","protected":false},"excerpt":{"rendered":"","protected":false},"author":1,"featured_media":0,"parent":0,"menu_order":0,"comment_status":"closed","ping_status":"open","template":"","meta":{"footnotes":""},"class_list":["post-70","page","type-page","status-publish","hentry"],"_links":{"self":[{"href":"http:\/\/medecicco.com.ar\/index.php?rest_route=\/wp\/v2\/pages\/70","targetHints":{"allow":["GET"]}}],"collection":[{"href":"http:\/\/medecicco.com.ar\/index.php?rest_route=\/wp\/v2\/pages"}],"about":[{"href":"http:\/\/medecicco.com.ar\/index.php?rest_route=\/wp\/v2\/types\/page"}],"author":[{"embeddable":true,"href":"http:\/\/medecicco.com.ar\/index.php?rest_route=\/wp\/v2\/users\/1"}],"replies":[{"embeddable":true,"href":"http:\/\/medecicco.com.ar\/index.php?rest_route=%2Fwp%2Fv2%2Fcomments&post=70"}],"version-history":[{"count":65,"href":"http:\/\/medecicco.com.ar\/index.php?rest_route=\/wp\/v2\/pages\/70\/revisions"}],"predecessor-version":[{"id":628,"href":"http:\/\/medecicco.com.ar\/index.php?rest_route=\/wp\/v2\/pages\/70\/revisions\/628"}],"wp:attachment":[{"href":"http:\/\/medecicco.com.ar\/index.php?rest_route=%2Fwp%2Fv2%2Fmedia&parent=70"}],"curies":[{"name":"wp","href":"https:\/\/api.w.org\/{rel}","templated":true}]}}